{"id":470,"date":"2024-03-13T13:19:56","date_gmt":"2024-03-13T12:19:56","guid":{"rendered":"https:\/\/www.misengo.de\/ts\/landingpage-copy\/"},"modified":"2024-04-03T13:01:45","modified_gmt":"2024-04-03T11:01:45","slug":"impressum","status":"publish","type":"page","link":"https:\/\/www.misengo.de\/ts\/impressum\/","title":{"rendered":"Impressum"},"content":{"rendered":"\t\t<div data-elementor-type=\"wp-page\" data-elementor-id=\"470\" class=\"elementor elementor-470\" data-elementor-post-type=\"page\">\n\t\t\t\t<div class=\"elementor-element elementor-element-2ddadd1c e-flex e-con-boxed e-con e-parent\" data-id=\"2ddadd1c\" data-element_type=\"container\" data-settings=\"{&quot;background_background&quot;:&quot;classic&quot;}\">\n\t\t\t\t\t<div class=\"e-con-inner\">\n\t\t<div class=\"elementor-element elementor-element-13b39d43 e-con-full e-flex e-con e-child\" data-id=\"13b39d43\" data-element_type=\"container\">\n\t\t\t\t<div class=\"elementor-element elementor-element-39eb3816 elementor-widget elementor-widget-heading\" data-id=\"39eb3816\" data-element_type=\"widget\" data-widget_type=\"heading.default\">\n\t\t\t\t<div class=\"elementor-widget-container\">\n\t\t\t\t\t<h2 class=\"elementor-heading-title elementor-size-default\">Impressum<\/h2>\t\t\t\t<\/div>\n\t\t\t\t<\/div>\n\t\t\t\t<\/div>\n\t\t\t\t\t<\/div>\n\t\t\t\t<\/div>\n\t\t<div class=\"elementor-element elementor-element-3878098a e-con-full e-flex e-con e-parent\" data-id=\"3878098a\" data-element_type=\"container\" id=\"about\" data-settings=\"{&quot;background_background&quot;:&quot;gradient&quot;}\">\n\t\t<div class=\"elementor-element elementor-element-2af4a474 e-con-full e-flex e-con e-child\" data-id=\"2af4a474\" data-element_type=\"container\" data-settings=\"{&quot;background_background&quot;:&quot;classic&quot;}\">\n\t\t<div class=\"elementor-element elementor-element-6d3b9ef e-flex e-con-boxed e-con e-child\" data-id=\"6d3b9ef\" data-element_type=\"container\">\n\t\t\t\t\t<div class=\"e-con-inner\">\n\t\t\t\t<div class=\"elementor-element elementor-element-78b8366f elementor-invisible elementor-widget elementor-widget-text-editor\" data-id=\"78b8366f\" data-element_type=\"widget\" data-settings=\"{&quot;_animation&quot;:&quot;fadeIn&quot;,&quot;_animation_delay&quot;:200}\" data-widget_type=\"text-editor.default\">\n\t\t\t\t<div class=\"elementor-widget-container\">\n\t\t\t\t\t\t\t\t\t<h2>Angaben gem\u00e4\u00df \u00a7 5 TMG<\/h2><p><span style=\"font-size: 16px;\">Torus Services GmbH<br \/>Sch\u00f6lkestra\u00dfe 22, 38118 Braunschweig<br \/><\/span><\/p><p>Handelsregister: HRB 5274<br \/>Registergericht: Braunschweig<\/p><h3>Vertreten durch:<\/h3><p>Gesch\u00e4ftsf\u00fchrer: Dipl.-Ing. Michael Senger, Dipl.-Ing. Kai S\u00f6lter<\/p><h2>Kontakt<\/h2><p>Inhaltlich Verantwortlicher gem. \u00a7 55 II RStV:<br \/>Dipl.-Ing. Michael Senger<br \/>Sch\u00f6lkestra\u00dfe 22<br \/>38118 Braunschweig<\/p><p>Telefon: +49 531 180 553 45<br \/>E-Mail:\u00a0<a href=\"mailto:info@torusservices.de\">info@torusservices.de<\/a><\/p><h2>Umsatzsteuer-ID<\/h2><p>Umsatzsteuer-Identifikationsnummer gem\u00e4\u00df \u00a7 27 a Umsatzsteuergesetz:<br \/>DE214497017<\/p><h2>EU-Streitschlichtung<\/h2><p>Die Europ\u00e4ische Kommission stellt eine Plattform zur Online-Streitbeilegung (OS) bereit:\u00a0<a href=\"https:\/\/ec.europa.eu\/consumers\/odr\" target=\"_blank\" rel=\"noopener noreferrer\">https:\/\/ec.europa.eu\/consumers\/odr<\/a>.<br \/>Unsere E-Mail-Adresse finden Sie oben im Impressum.<\/p><h2>Verbraucher\u00adstreit\u00adbeilegung\/Universal\u00adschlichtungs\u00adstelle<\/h2><p>Wir sind nicht bereit oder verpflichtet, an Streitbeilegungsverfahren vor einer Verbraucherschlichtungsstelle teilzunehmen.<\/p><h2>Bildnachweise<\/h2><p>Header: Unsplash &#8211; Dose Media (@dose) | \u00dcber uns: Unsplash &#8211; Anthony Tyrrell (@antjt) | Unser Service: Unsplash &#8211;\u00a0 Thomas Lefebvre (@magellol)<\/p><h4>Letzte Aktualisierung: 13.03.2024<\/h4><h2><span style=\"font-size: 16px; color: #bfbfbf;\">\u00a0<\/span><\/h2>\t\t\t\t\t\t\t\t<\/div>\n\t\t\t\t<\/div>\n\t\t\t\t\t<\/div>\n\t\t\t\t<\/div>\n\t\t\t\t<\/div>\n\t\t\t\t<\/div>\n\t\t\t\t<\/div>\n\t\t","protected":false},"excerpt":{"rendered":"<p>Impressum Angaben gem\u00e4\u00df \u00a7 5 TMG Torus Services GmbHSch\u00f6lkestra\u00dfe 22, 38118 Braunschweig Handelsregister: HRB 5274Registergericht: Braunschweig Vertreten durch: Gesch\u00e4ftsf\u00fchrer: Dipl.-Ing. Michael Senger, Dipl.-Ing. Kai S\u00f6lter Kontakt Inhaltlich Verantwortlicher gem. \u00a7 55 II RStV:Dipl.-Ing. Michael SengerSch\u00f6lkestra\u00dfe 2238118 Braunschweig Telefon: +49 531 180 553 45E-Mail:\u00a0info@torusservices.de Umsatzsteuer-ID Umsatzsteuer-Identifikationsnummer gem\u00e4\u00df \u00a7 27 a Umsatzsteuergesetz:DE214497017 EU-Streitschlichtung Die Europ\u00e4ische Kommission stellt [&hellip;]<\/p>\n","protected":false},"author":14,"featured_media":0,"parent":0,"menu_order":0,"comment_status":"closed","ping_status":"closed","template":"elementor_header_footer","meta":{"ocean_post_layout":"","ocean_both_sidebars_style":"","ocean_both_sidebars_content_width":0,"ocean_both_sidebars_sidebars_width":0,"ocean_sidebar":"","ocean_second_sidebar":"","ocean_disable_margins":"enable","ocean_add_body_class":"","ocean_shortcode_before_top_bar":"","ocean_shortcode_after_top_bar":"","ocean_shortcode_before_header":"","ocean_shortcode_after_header":"","ocean_has_shortcode":"","ocean_shortcode_after_title":"","ocean_shortcode_before_footer_widgets":"","ocean_shortcode_after_footer_widgets":"","ocean_shortcode_before_footer_bottom":"","ocean_shortcode_after_footer_bottom":"","ocean_display_top_bar":"default","ocean_display_header":"default","ocean_header_style":"","ocean_center_header_left_menu":"","ocean_custom_header_template":"","ocean_custom_logo":0,"ocean_custom_retina_logo":0,"ocean_custom_logo_max_width":0,"ocean_custom_logo_tablet_max_width":0,"ocean_custom_logo_mobile_max_width":0,"ocean_custom_logo_max_height":0,"ocean_custom_logo_tablet_max_height":0,"ocean_custom_logo_mobile_max_height":0,"ocean_header_custom_menu":"","ocean_menu_typo_font_family":"","ocean_menu_typo_font_subset":"","ocean_menu_typo_font_size":0,"ocean_menu_typo_font_size_tablet":0,"ocean_menu_typo_font_size_mobile":0,"ocean_menu_typo_font_size_unit":"px","ocean_menu_typo_font_weight":"","ocean_menu_typo_font_weight_tablet":"","ocean_menu_typo_font_weight_mobile":"","ocean_menu_typo_transform":"","ocean_menu_typo_transform_tablet":"","ocean_menu_typo_transform_mobile":"","ocean_menu_typo_line_height":0,"ocean_menu_typo_line_height_tablet":0,"ocean_menu_typo_line_height_mobile":0,"ocean_menu_typo_line_height_unit":"","ocean_menu_typo_spacing":0,"ocean_menu_typo_spacing_tablet":0,"ocean_menu_typo_spacing_mobile":0,"ocean_menu_typo_spacing_unit":"","ocean_menu_link_color":"","ocean_menu_link_color_hover":"","ocean_menu_link_color_active":"","ocean_menu_link_background":"","ocean_menu_link_hover_background":"","ocean_menu_link_active_background":"","ocean_menu_social_links_bg":"","ocean_menu_social_hover_links_bg":"","ocean_menu_social_links_color":"","ocean_menu_social_hover_links_color":"","ocean_disable_title":"default","ocean_disable_heading":"default","ocean_post_title":"","ocean_post_subheading":"","ocean_post_title_style":"","ocean_post_title_background_color":"","ocean_post_title_background":0,"ocean_post_title_bg_image_position":"","ocean_post_title_bg_image_attachment":"","ocean_post_title_bg_image_repeat":"","ocean_post_title_bg_image_size":"","ocean_post_title_height":0,"ocean_post_title_bg_overlay":0.5,"ocean_post_title_bg_overlay_color":"","ocean_disable_breadcrumbs":"default","ocean_breadcrumbs_color":"","ocean_breadcrumbs_separator_color":"","ocean_breadcrumbs_links_color":"","ocean_breadcrumbs_links_hover_color":"","ocean_display_footer_widgets":"default","ocean_display_footer_bottom":"default","ocean_custom_footer_template":"","ofc_enable_fullscreen":"disable","ofc_fullscreen_speed":0,"ofc_fullscreen_nav":"enable","ofc_fullscreen_nav_pos":"right","ofc_fullscreen_nav_color":"","ofc_fullscreen_nav_tooltip_color":"","ofc_fullscreen_responsive":0,"footnotes":""},"class_list":["post-470","page","type-page","status-publish","hentry","entry"],"_links":{"self":[{"href":"https:\/\/www.misengo.de\/ts\/wp-json\/wp\/v2\/pages\/470","targetHints":{"allow":["GET"]}}],"collection":[{"href":"https:\/\/www.misengo.de\/ts\/wp-json\/wp\/v2\/pages"}],"about":[{"href":"https:\/\/www.misengo.de\/ts\/wp-json\/wp\/v2\/types\/page"}],"author":[{"embeddable":true,"href":"https:\/\/www.misengo.de\/ts\/wp-json\/wp\/v2\/users\/14"}],"replies":[{"embeddable":true,"href":"https:\/\/www.misengo.de\/ts\/wp-json\/wp\/v2\/comments?post=470"}],"version-history":[{"count":39,"href":"https:\/\/www.misengo.de\/ts\/wp-json\/wp\/v2\/pages\/470\/revisions"}],"predecessor-version":[{"id":801,"href":"https:\/\/www.misengo.de\/ts\/wp-json\/wp\/v2\/pages\/470\/revisions\/801"}],"wp:attachment":[{"href":"https:\/\/www.misengo.de\/ts\/wp-json\/wp\/v2\/media?parent=470"}],"curies":[{"name":"wp","href":"https:\/\/api.w.org\/{rel}","templated":true}]}}